{"id":64,"date":"2025-07-25T16:47:39","date_gmt":"2025-07-25T14:47:39","guid":{"rendered":"https:\/\/bon-papa.fr\/?page_id=64"},"modified":"2025-08-26T12:17:40","modified_gmt":"2025-08-26T10:17:40","slug":"mentions-legales","status":"publish","type":"page","link":"https:\/\/bon-papa.fr\/index.php\/mentions-legales\/","title":{"rendered":"Mentions l\u00e9gales"},"content":{"rendered":"\n<p>La soci\u00e9t\u00e9 Gourmalliance participe et est conforme \u00e0 l\u2019ensemble des Sp\u00e9cifications et Politiques du Transparency &amp; Consent Framework de l\u2019IAB Europe. La soci\u00e9t\u00e9 Gourmalliance utilise la Consent Management Platform n\u00b092.<\/p>\n\n\n\n<p>Vous pouvez modifier vos choix \u00e0 tout moment en&nbsp;<a href=\"javascript:Sddan.cmp.displayUI()\">cliquant ici<\/a>.<\/p>\n\n\n\n<h2 class=\"wp-block-heading\">1.- Le Site internet<\/h2>\n\n\n\n<p>Le Site Internet www.bon-papa.fr est exploit\u00e9 par la Soci\u00e9t\u00e9 Gourmalliance, SAS au capital de 100.000 euros, immatricul\u00e9e au RCS de PONTOISE sous le num\u00e9ro 901 761 114 00015, et dont le si\u00e8ge social est situ\u00e9 rue du Capitaine Dreyfus 95130 FRANCONVILLE, et dont le n\u00b0 de TVA intracommunautaire est\u00a0: FR76 901 761 114<\/p>\n\n\n\n<p>Le directeur de la publication est&nbsp;: Monsieur Jean-Philippe NICHANIAN<\/p>\n\n\n\n<h2 class=\"wp-block-heading\">2.- Coordonn\u00e9es&nbsp;<\/h2>\n\n\n\n<p>N\u00b0 de t\u00e9l\u00e9phone&nbsp;: 01 34 14 82 16<\/p>\n\n\n\n<p>Adresse \u00e9lectronique&nbsp;: contact@gourmalliance.com&nbsp;<\/p>\n\n\n\n<p>Directeur de la publication&nbsp;: Monsieur Jean-Philippe NICHANIAN<\/p>\n\n\n\n<h2 class=\"wp-block-heading\">3.- H\u00e9bergement et conception<\/h2>\n\n\n\n<p>Le site www.bon-papa.fr est h\u00e9berg\u00e9 par la soci\u00e9t\u00e9 o2switch\u00a0<\/p>\n\n\n\n<p>SAS au capital de 100 000\u20ac<\/p>\n\n\n\n<p>RCS Clermont Ferrand 510 909 807 00032<\/p>\n\n\n\n<p>Si\u00e8ge social&nbsp;: Chemin des Pardiaux 63000 Clermont-Ferrand<\/p>\n\n\n\n<p>Conception et r\u00e9alisation du site&nbsp;: conception, graphisme et d\u00e9veloppements informatiques&nbsp;: par la soci\u00e9t\u00e9 LES APACHES<\/p>\n\n\n\n<p>52 Boulevard des Castors, 69005 LYON<\/p>\n\n\n\n<p>Adresse e-mail&nbsp;: hugh@les-apaches.fr<\/p>\n","protected":false},"excerpt":{"rendered":"<p>La soci\u00e9t\u00e9 Gourmalliance participe et est conforme \u00e0 l\u2019ensemble des Sp\u00e9cifications et Politiques du Transparency &amp; Consent Framework de l\u2019IAB Europe. La soci\u00e9t\u00e9 Gourmalliance utilise la Consent Management Platform n\u00b092. [&hellip;]<\/p>\n","protected":false},"author":1,"featured_media":0,"parent":0,"menu_order":0,"comment_status":"closed","ping_status":"closed","template":"","meta":{"_acf_changed":false,"inline_featured_image":false,"footnotes":""},"class_list":["post-64","page","type-page","status-publish","hentry"],"acf":[],"yoast_head":"<!-- This site is optimized with the Yoast SEO plugin v27.4 - https:\/\/yoast.com\/product\/yoast-seo-wordpress\/ -->\n<title>Mentions l\u00e9gales - Bon Papa<\/title>\n<meta name=\"robots\" content=\"index, follow, max-snippet:-1, max-image-preview:large, max-video-preview:-1\" \/>\n<link rel=\"canonical\" href=\"https:\/\/bon-papa.fr\/index.php\/mentions-legales\/\" \/>\n<meta property=\"og:locale\" content=\"fr_FR\" \/>\n<meta property=\"og:type\" content=\"article\" \/>\n<meta property=\"og:title\" content=\"Mentions l\u00e9gales - Bon Papa\" \/>\n<meta property=\"og:description\" content=\"La soci\u00e9t\u00e9 Gourmalliance participe et est conforme \u00e0 l\u2019ensemble des Sp\u00e9cifications et Politiques du Transparency &amp; Consent Framework de l\u2019IAB Europe. La soci\u00e9t\u00e9 Gourmalliance utilise la Consent Management Platform n\u00b092. [&hellip;]\" \/>\n<meta property=\"og:url\" content=\"https:\/\/bon-papa.fr\/index.php\/mentions-legales\/\" \/>\n<meta property=\"og:site_name\" content=\"Bon Papa\" \/>\n<meta property=\"article:modified_time\" content=\"2025-08-26T10:17:40+00:00\" \/>\n<meta name=\"twitter:card\" content=\"summary_large_image\" \/>\n<meta name=\"twitter:label1\" content=\"Dur\u00e9e de lecture estim\u00e9e\" \/>\n\t<meta name=\"twitter:data1\" content=\"1 minute\" \/>\n<script type=\"application\/ld+json\" class=\"yoast-schema-graph\">{\"@context\":\"https:\\\/\\\/schema.org\",\"@graph\":[{\"@type\":\"WebPage\",\"@id\":\"https:\\\/\\\/bon-papa.fr\\\/index.php\\\/mentions-legales\\\/\",\"url\":\"https:\\\/\\\/bon-papa.fr\\\/index.php\\\/mentions-legales\\\/\",\"name\":\"Mentions l\u00e9gales - Bon Papa\",\"isPartOf\":{\"@id\":\"https:\\\/\\\/bon-papa.fr\\\/#website\"},\"datePublished\":\"2025-07-25T14:47:39+00:00\",\"dateModified\":\"2025-08-26T10:17:40+00:00\",\"breadcrumb\":{\"@id\":\"https:\\\/\\\/bon-papa.fr\\\/index.php\\\/mentions-legales\\\/#breadcrumb\"},\"inLanguage\":\"fr-FR\",\"potentialAction\":[{\"@type\":\"ReadAction\",\"target\":[\"https:\\\/\\\/bon-papa.fr\\\/index.php\\\/mentions-legales\\\/\"]}]},{\"@type\":\"BreadcrumbList\",\"@id\":\"https:\\\/\\\/bon-papa.fr\\\/index.php\\\/mentions-legales\\\/#breadcrumb\",\"itemListElement\":[{\"@type\":\"ListItem\",\"position\":1,\"name\":\"Home\",\"item\":\"https:\\\/\\\/bon-papa.fr\\\/\"},{\"@type\":\"ListItem\",\"position\":2,\"name\":\"Mentions l\u00e9gales\"}]},{\"@type\":\"WebSite\",\"@id\":\"https:\\\/\\\/bon-papa.fr\\\/#website\",\"url\":\"https:\\\/\\\/bon-papa.fr\\\/\",\"name\":\"Bon Papa\",\"description\":\"\",\"publisher\":{\"@id\":\"https:\\\/\\\/bon-papa.fr\\\/#organization\"},\"potentialAction\":[{\"@type\":\"SearchAction\",\"target\":{\"@type\":\"EntryPoint\",\"urlTemplate\":\"https:\\\/\\\/bon-papa.fr\\\/?s={search_term_string}\"},\"query-input\":{\"@type\":\"PropertyValueSpecification\",\"valueRequired\":true,\"valueName\":\"search_term_string\"}}],\"inLanguage\":\"fr-FR\"},{\"@type\":\"Organization\",\"@id\":\"https:\\\/\\\/bon-papa.fr\\\/#organization\",\"name\":\"Bon Papa\",\"url\":\"https:\\\/\\\/bon-papa.fr\\\/\",\"logo\":{\"@type\":\"ImageObject\",\"inLanguage\":\"fr-FR\",\"@id\":\"https:\\\/\\\/bon-papa.fr\\\/#\\\/schema\\\/logo\\\/image\\\/\",\"url\":\"https:\\\/\\\/bon-papa.fr\\\/wp-content\\\/uploads\\\/2025\\\/07\\\/logo.svg\",\"contentUrl\":\"https:\\\/\\\/bon-papa.fr\\\/wp-content\\\/uploads\\\/2025\\\/07\\\/logo.svg\",\"width\":328,\"height\":139,\"caption\":\"Bon Papa\"},\"image\":{\"@id\":\"https:\\\/\\\/bon-papa.fr\\\/#\\\/schema\\\/logo\\\/image\\\/\"}}]}<\/script>\n<!-- \/ Yoast SEO plugin. -->","yoast_head_json":{"title":"Mentions l\u00e9gales - Bon Papa","robots":{"index":"index","follow":"follow","max-snippet":"max-snippet:-1","max-image-preview":"max-image-preview:large","max-video-preview":"max-video-preview:-1"},"canonical":"https:\/\/bon-papa.fr\/index.php\/mentions-legales\/","og_locale":"fr_FR","og_type":"article","og_title":"Mentions l\u00e9gales - Bon Papa","og_description":"La soci\u00e9t\u00e9 Gourmalliance participe et est conforme \u00e0 l\u2019ensemble des Sp\u00e9cifications et Politiques du Transparency &amp; Consent Framework de l\u2019IAB Europe. La soci\u00e9t\u00e9 Gourmalliance utilise la Consent Management Platform n\u00b092. [&hellip;]","og_url":"https:\/\/bon-papa.fr\/index.php\/mentions-legales\/","og_site_name":"Bon Papa","article_modified_time":"2025-08-26T10:17:40+00:00","twitter_card":"summary_large_image","twitter_misc":{"Dur\u00e9e de lecture estim\u00e9e":"1 minute"},"schema":{"@context":"https:\/\/schema.org","@graph":[{"@type":"WebPage","@id":"https:\/\/bon-papa.fr\/index.php\/mentions-legales\/","url":"https:\/\/bon-papa.fr\/index.php\/mentions-legales\/","name":"Mentions l\u00e9gales - Bon Papa","isPartOf":{"@id":"https:\/\/bon-papa.fr\/#website"},"datePublished":"2025-07-25T14:47:39+00:00","dateModified":"2025-08-26T10:17:40+00:00","breadcrumb":{"@id":"https:\/\/bon-papa.fr\/index.php\/mentions-legales\/#breadcrumb"},"inLanguage":"fr-FR","potentialAction":[{"@type":"ReadAction","target":["https:\/\/bon-papa.fr\/index.php\/mentions-legales\/"]}]},{"@type":"BreadcrumbList","@id":"https:\/\/bon-papa.fr\/index.php\/mentions-legales\/#breadcrumb","itemListElement":[{"@type":"ListItem","position":1,"name":"Home","item":"https:\/\/bon-papa.fr\/"},{"@type":"ListItem","position":2,"name":"Mentions l\u00e9gales"}]},{"@type":"WebSite","@id":"https:\/\/bon-papa.fr\/#website","url":"https:\/\/bon-papa.fr\/","name":"Bon Papa","description":"","publisher":{"@id":"https:\/\/bon-papa.fr\/#organization"},"potentialAction":[{"@type":"SearchAction","target":{"@type":"EntryPoint","urlTemplate":"https:\/\/bon-papa.fr\/?s={search_term_string}"},"query-input":{"@type":"PropertyValueSpecification","valueRequired":true,"valueName":"search_term_string"}}],"inLanguage":"fr-FR"},{"@type":"Organization","@id":"https:\/\/bon-papa.fr\/#organization","name":"Bon Papa","url":"https:\/\/bon-papa.fr\/","logo":{"@type":"ImageObject","inLanguage":"fr-FR","@id":"https:\/\/bon-papa.fr\/#\/schema\/logo\/image\/","url":"https:\/\/bon-papa.fr\/wp-content\/uploads\/2025\/07\/logo.svg","contentUrl":"https:\/\/bon-papa.fr\/wp-content\/uploads\/2025\/07\/logo.svg","width":328,"height":139,"caption":"Bon Papa"},"image":{"@id":"https:\/\/bon-papa.fr\/#\/schema\/logo\/image\/"}}]}},"_links":{"self":[{"href":"https:\/\/bon-papa.fr\/index.php\/wp-json\/wp\/v2\/pages\/64","targetHints":{"allow":["GET"]}}],"collection":[{"href":"https:\/\/bon-papa.fr\/index.php\/wp-json\/wp\/v2\/pages"}],"about":[{"href":"https:\/\/bon-papa.fr\/index.php\/wp-json\/wp\/v2\/types\/page"}],"author":[{"embeddable":true,"href":"https:\/\/bon-papa.fr\/index.php\/wp-json\/wp\/v2\/users\/1"}],"replies":[{"embeddable":true,"href":"https:\/\/bon-papa.fr\/index.php\/wp-json\/wp\/v2\/comments?post=64"}],"version-history":[{"count":2,"href":"https:\/\/bon-papa.fr\/index.php\/wp-json\/wp\/v2\/pages\/64\/revisions"}],"predecessor-version":[{"id":232,"href":"https:\/\/bon-papa.fr\/index.php\/wp-json\/wp\/v2\/pages\/64\/revisions\/232"}],"wp:attachment":[{"href":"https:\/\/bon-papa.fr\/index.php\/wp-json\/wp\/v2\/media?parent=64"}],"curies":[{"name":"wp","href":"https:\/\/api.w.org\/{rel}","templated":true}]}}